{"id":101,"date":"2021-02-16T11:07:42","date_gmt":"2021-02-16T11:07:42","guid":{"rendered":"http:\/\/paraestudar.online\/?page_id=101"},"modified":"2022-09-13T13:46:20","modified_gmt":"2022-09-13T13:46:20","slug":"fase-i","status":"publish","type":"page","link":"https:\/\/iam.gov.mz\/index.php\/projectos\/connect-caju\/fase-i\/","title":{"rendered":"FASE I"},"content":{"rendered":"\n<p class=\"has-luminous-vivid-orange-color has-black-background-color has-text-color has-background\"><strong>PROJECTO CONNECT CAJU<\/strong><\/p>\n\n\n\n<p>&nbsp;&nbsp;&nbsp;&nbsp;&nbsp;&nbsp;&nbsp;&nbsp;&nbsp;<strong> Vig\u00eancia do Projecto:&nbsp;<\/strong> &nbsp;&nbsp;&nbsp;&nbsp;&nbsp;&nbsp;&nbsp;&nbsp;&nbsp; 25 meses (Dezembro de 2016 a Dezembro de 2018)<\/p>\n\n\n\n<p>&nbsp;&nbsp;&nbsp;&nbsp;&nbsp;&nbsp;&nbsp;&nbsp;&nbsp;<strong> Financiamento:<\/strong>&nbsp;&nbsp;&nbsp;&nbsp;&nbsp;&nbsp;&nbsp;&nbsp;&nbsp; &nbsp;&nbsp;&nbsp;&nbsp;&nbsp;&nbsp;&nbsp;&nbsp;&nbsp; Embaixada da Noruega<\/p>\n\n\n\n<p>&nbsp;&nbsp;&nbsp;&nbsp;&nbsp;&nbsp;&nbsp;&nbsp;&nbsp; <strong>Coordena\u00e7\u00e3o:<\/strong> &nbsp;&nbsp;&nbsp;&nbsp;&nbsp;&nbsp;&nbsp;&nbsp;&nbsp;&nbsp; &nbsp;&nbsp;&nbsp;&nbsp;&nbsp;&nbsp;&nbsp;&nbsp;&nbsp; TechnoServe (TNS)<\/p>\n\n\n\n<p>&nbsp;&nbsp;&nbsp;&nbsp;&nbsp;&nbsp;&nbsp;<strong>&nbsp;&nbsp; Plataforma desenvolvida:<\/strong>&nbsp;&nbsp;&nbsp;&nbsp;&nbsp;&nbsp; Smartfarm<\/p>\n\n\n\n<p>          <strong>Or\u00e7amento do Projecto:&nbsp;<\/strong>&nbsp;&nbsp;&nbsp;&nbsp;&nbsp;&nbsp; MZM 37.516.280,00<\/p>\n\n\n\n<p>&nbsp;&nbsp;&nbsp;&nbsp;&nbsp;&nbsp;&nbsp;&nbsp;&nbsp;<strong> Comparticipa\u00e7\u00e3o:<\/strong>&nbsp;&nbsp;&nbsp;&nbsp;&nbsp;&nbsp; &nbsp;&nbsp;&nbsp;&nbsp;&nbsp;&nbsp;&nbsp;&nbsp;&nbsp; 78.1% (INCAJU) e 21.9% (Embaixada da Noruega)<\/p>\n\n\n\n<p>&nbsp;&nbsp;&nbsp;&nbsp;&nbsp;&nbsp;&nbsp;&nbsp;&nbsp;<strong> \u00c1rea de implementa\u00e7\u00e3o:<\/strong>&nbsp;&nbsp;&nbsp;&nbsp;&nbsp;&nbsp;&nbsp; Cabo Delgado, Nampula e Zamb\u00e9zia<\/p>\n\n\n\n<p>&nbsp;&nbsp;&nbsp;&nbsp;&nbsp;&nbsp;&nbsp;&nbsp;&nbsp; <strong>Implementa\u00e7\u00e3o:&nbsp;<\/strong>&nbsp;&nbsp;&nbsp;&nbsp;&nbsp;&nbsp;&nbsp;&nbsp;&nbsp;&nbsp;&nbsp;&nbsp;&nbsp;&nbsp;&nbsp;&nbsp;&nbsp; Instituto de Fomento de Caju (INCAJU)<\/p>\n\n\n\n<p>          <strong>Principais resultados:<\/strong>           Registados 103.510 produtores e 62.011 planta\u00e7\u00f5es.<\/p>\n\n\n\n<p class=\"has-luminous-vivid-orange-color has-black-background-color has-text-color has-background\">&nbsp;&nbsp;&nbsp;&nbsp;&nbsp;&nbsp;&nbsp;&nbsp;&nbsp; EQUIPA DE GEST\u00c3O E IMPLEMENTA\u00c7\u00c3O<\/p>\n\n\n\n<p class=\"has-luminous-vivid-orange-color has-text-color\">&nbsp;&nbsp;&nbsp;&nbsp;&nbsp;&nbsp;&nbsp;&nbsp;&nbsp; Director Geral<\/p>\n\n\n\n<p>&nbsp;&nbsp;&nbsp;&nbsp;&nbsp;&nbsp;&nbsp;&nbsp;&nbsp;&nbsp;&nbsp;&nbsp;&nbsp;&nbsp;&nbsp;&nbsp;&nbsp;&nbsp;&nbsp; <em>Il\u00eddio Afonso Jos\u00e9 Bande<\/em><\/p>\n\n\n\n<p class=\"has-luminous-vivid-orange-color has-text-color\">&nbsp;&nbsp;&nbsp;&nbsp;&nbsp;&nbsp;&nbsp;&nbsp;&nbsp;Director T\u00e9cnico do Projecto<\/p>\n\n\n\n<p>&nbsp;&nbsp;&nbsp;&nbsp;&nbsp;&nbsp;&nbsp;&nbsp;&nbsp;&nbsp;&nbsp;&nbsp;&nbsp;&nbsp;&nbsp;&nbsp;&nbsp;&nbsp;&nbsp; <em>Humberto B. Guibunda<\/em><\/p>\n\n\n\n<p class=\"has-luminous-vivid-orange-color has-text-color\">        Delegados Provinciais<\/p>\n\n\n\n<p>&nbsp;&nbsp;&nbsp;&nbsp;&nbsp;&nbsp;&nbsp;&nbsp;&nbsp;&nbsp;&nbsp;&nbsp;&nbsp;&nbsp;&nbsp;&nbsp;&nbsp;&nbsp;&nbsp; <em>Feliza E. Macome (Cabo Delgado)<\/em><\/p>\n\n\n\n<p><em>&nbsp;&nbsp;&nbsp;&nbsp;&nbsp;&nbsp;&nbsp;&nbsp;&nbsp;&nbsp;&nbsp;&nbsp;&nbsp;&nbsp;&nbsp;&nbsp;&nbsp;&nbsp;&nbsp; J\u00falio V. Langa (Nampula)<\/em><\/p>\n\n\n\n<p><em>&nbsp;&nbsp;&nbsp;&nbsp;&nbsp;&nbsp;&nbsp;&nbsp;&nbsp;&nbsp;&nbsp;&nbsp;&nbsp;&nbsp;&nbsp;&nbsp;&nbsp;&nbsp;&nbsp; El\u00eddio L.C. Bacar (Zamb\u00e9zia)<\/em><\/p>\n\n\n\n<p class=\"has-luminous-vivid-orange-color has-text-color\">       Gestor do Projecto<\/p>\n\n\n\n<p>&nbsp;&nbsp;&nbsp;&nbsp;&nbsp;&nbsp;&nbsp;&nbsp;&nbsp;&nbsp;&nbsp;&nbsp;&nbsp;&nbsp;&nbsp;&nbsp;&nbsp;&nbsp;&nbsp; <em>Mateus J. Com\u00e9<\/em><\/p>\n\n\n\n<p class=\"has-luminous-vivid-orange-color has-text-color\">      Gestores Provinciais<\/p>\n\n\n\n<p>&nbsp;&nbsp;&nbsp;&nbsp;&nbsp;&nbsp;&nbsp;&nbsp;&nbsp;&nbsp;&nbsp;&nbsp;&nbsp;&nbsp;&nbsp;&nbsp;&nbsp;&nbsp;&nbsp; <em>Faque Anli (Cabo Delgado)<\/em><\/p>\n\n\n\n<p><em>&nbsp;&nbsp;&nbsp;&nbsp;&nbsp;&nbsp;&nbsp;&nbsp;&nbsp;&nbsp;&nbsp;&nbsp;&nbsp;&nbsp;&nbsp;&nbsp;&nbsp;&nbsp;&nbsp; Jos\u00e9 Miguel (Nampula)<\/em><\/p>\n\n\n\n<p><em>&nbsp;&nbsp;&nbsp;&nbsp;&nbsp;&nbsp;&nbsp;&nbsp;&nbsp;&nbsp;&nbsp;&nbsp;&nbsp;&nbsp;&nbsp;&nbsp;&nbsp;&nbsp;&nbsp; Chadreque L. Nhanengue (Zamb\u00e9zia)<\/em><\/p>\n\n\n\n<p class=\"has-luminous-vivid-orange-color has-text-color\">&nbsp;&nbsp;&nbsp;&nbsp;&nbsp; Usu\u00e1rios M\u00f3veis (Mobile Users)<\/p>\n\n\n\n<p>&nbsp;&nbsp;&nbsp;&nbsp;&nbsp;&nbsp;&nbsp;&nbsp;&nbsp;&nbsp;&nbsp;&nbsp;&nbsp;&nbsp;&nbsp;&nbsp;&nbsp;&nbsp;&nbsp; <em>Extensionistas<\/em><\/p>\n\n\n\n<hr class=\"wp-block-separator has-text-color has-luminous-vivid-orange-color has-alpha-channel-opacity has-luminous-vivid-orange-background-color has-background\"\/>\n\n\n\n<p> A Embaixada da Noruega \u00e9 representada, nesta parceria, pela Norges Vel, Brynild Gruppen e IKURU. Estas organiza\u00e7\u00f5es t\u00eam implementado Projectos para o Desenvolvimento da Comunidade em Mo\u00e7ambique, em parceria com empresas nacionais, Institui\u00e7\u00f5es P\u00fablicas e outras organiza\u00e7\u00f5es.<\/p>\n\n\n\n<div class=\"wp-block-columns is-layout-flex wp-container-core-columns-is-layout-9d6595d7 wp-block-columns-is-layout-flex\">\n<div class=\"wp-block-column is-layout-flow wp-block-column-is-layout-flow\">\n<figure class=\"wp-block-image size-full\"><img fetchpriority=\"high\" decoding=\"async\" width=\"359\" height=\"140\" src=\"https:\/\/iam.gov.mz\/wp-content\/uploads\/2022\/09\/embaixada-da-Noruega-1.png\" alt=\"\" class=\"wp-image-1060\" srcset=\"https:\/\/iam.gov.mz\/wp-content\/uploads\/2022\/09\/embaixada-da-Noruega-1.png 359w, https:\/\/iam.gov.mz\/wp-content\/uploads\/2022\/09\/embaixada-da-Noruega-1-300x117.png 300w\" sizes=\"(max-width: 359px) 100vw, 359px\" \/><\/figure>\n<\/div>\n\n\n\n<div class=\"wp-block-column is-layout-flow wp-block-column-is-layout-flow\">\n<figure class=\"wp-block-image size-full\"><img decoding=\"async\" width=\"269\" height=\"116\" src=\"https:\/\/iam.gov.mz\/wp-content\/uploads\/2022\/09\/Norges-Vel-1.png\" alt=\"\" class=\"wp-image-1061\"\/><\/figure>\n<\/div>\n\n\n\n<div class=\"wp-block-column is-layout-flow wp-block-column-is-layout-flow\">\n<figure class=\"wp-block-image size-full\"><img decoding=\"async\" width=\"401\" height=\"126\" src=\"https:\/\/iam.gov.mz\/wp-content\/uploads\/2022\/09\/Brynild-Gruppen-1.png\" alt=\"\" class=\"wp-image-1062\" srcset=\"https:\/\/iam.gov.mz\/wp-content\/uploads\/2022\/09\/Brynild-Gruppen-1.png 401w, https:\/\/iam.gov.mz\/wp-content\/uploads\/2022\/09\/Brynild-Gruppen-1-300x94.png 300w\" sizes=\"(max-width: 401px) 100vw, 401px\" \/><\/figure>\n<\/div>\n<\/div>\n\n\n\n<div class=\"wp-block-columns is-layout-flex wp-container-core-columns-is-layout-9d6595d7 wp-block-columns-is-layout-flex\">\n<div class=\"wp-block-column is-layout-flow wp-block-column-is-layout-flow\">\n<figure class=\"wp-block-image size-full\"><img loading=\"lazy\" decoding=\"async\" width=\"165\" height=\"130\" src=\"http:\/\/iam.gov.mz\/wp-content\/uploads\/2022\/09\/IKURU-1.png\" alt=\"\" class=\"wp-image-1063\"\/><\/figure>\n<\/div>\n\n\n\n<div class=\"wp-block-column is-layout-flow wp-block-column-is-layout-flow\">\n<figure class=\"wp-block-image size-full\"><img loading=\"lazy\" decoding=\"async\" width=\"373\" height=\"187\" src=\"http:\/\/iam.gov.mz\/wp-content\/uploads\/2022\/09\/tecnoserverlogo-1.png\" alt=\"\" class=\"wp-image-1150\" srcset=\"https:\/\/iam.gov.mz\/wp-content\/uploads\/2022\/09\/tecnoserverlogo-1.png 373w, https:\/\/iam.gov.mz\/wp-content\/uploads\/2022\/09\/tecnoserverlogo-1-300x150.png 300w\" sizes=\"(max-width: 373px) 100vw, 373px\" \/><\/figure>\n<\/div>\n\n\n\n<div class=\"wp-block-column is-layout-flow wp-block-column-is-layout-flow\">\n<figure class=\"wp-block-image size-large\"><img loading=\"lazy\" decoding=\"async\" width=\"1024\" height=\"323\" src=\"http:\/\/iam.gov.mz\/wp-content\/uploads\/2022\/09\/LOGO-IAM-2-1024x323.jpg\" alt=\"\" class=\"wp-image-1155\" srcset=\"https:\/\/iam.gov.mz\/wp-content\/uploads\/2022\/09\/LOGO-IAM-2-1024x323.jpg 1024w, https:\/\/iam.gov.mz\/wp-content\/uploads\/2022\/09\/LOGO-IAM-2-300x95.jpg 300w, https:\/\/iam.gov.mz\/wp-content\/uploads\/2022\/09\/LOGO-IAM-2-768x242.jpg 768w, https:\/\/iam.gov.mz\/wp-content\/uploads\/2022\/09\/LOGO-IAM-2.jpg 1242w\" sizes=\"(max-width: 1024px) 100vw, 1024px\" \/><\/figure>\n<\/div>\n<\/div>\n\n\n<div class='w3eden'><!-- WPDM Link Template: Default Template -->\n\n<div class=\"link-template-default card mb-2\">\n    <div class=\"card-body\">\n        <div class=\"media\">\n            <div class=\"mr-3 img-48\"><img decoding=\"async\" class=\"wpdm_icon\" alt=\"Icon\"   src=\"https:\/\/iam.gov.mz\/wp-content\/plugins\/download-manager\/assets\/file-type-icons\/pdf.svg\" \/><\/div>\n            <div class=\"media-body\">\n                <h3 class=\"package-title\"><a href='https:\/\/iam.gov.mz\/index.php\/download\/incaju-relatorio-desempenho-connect-caju-v220219\/'>INCAJU Relat\u00f3rio Desempenho Connect Caju v220219<\/a><\/h3>\n                <div class=\"text-muted text-small\"><i class=\"fas fa-copy\"><\/i> 1 file(s) <i class=\"fas fa-hdd ml-3\"><\/i> 288.83 KB<\/div>\n            <\/div>\n            <div class=\"ml-3\">\n                <a class='wpdm-download-link download-on-click btn btn-primary ' rel='nofollow' href='#' data-downloadurl=\"https:\/\/iam.gov.mz\/index.php\/download\/incaju-relatorio-desempenho-connect-caju-v220219\/?wpdmdl=1066&refresh=69f91e98b40991777933976\">Download<\/a>\n            <\/div>\n        <\/div>\n    <\/div>\n<\/div>\n\n<\/div>\n\n\n<div class='w3eden'><!-- WPDM Link Template: Default Template -->\n\n<div class=\"link-template-default card mb-2\">\n    <div class=\"card-body\">\n        <div class=\"media\">\n            <div class=\"mr-3 img-48\"><img decoding=\"async\" class=\"wpdm_icon\" alt=\"Icon\"   src=\"https:\/\/iam.gov.mz\/wp-content\/plugins\/download-manager\/assets\/file-type-icons\/pdf.svg\" \/><\/div>\n            <div class=\"media-body\">\n                <h3 class=\"package-title\"><a href='https:\/\/iam.gov.mz\/index.php\/download\/commcare-relatorio-3-mozacaju-grants-narativo-v240217-signed\/'>CommCare Relat\u00f3rio #3 MozaCaju Grants [Narativo] v240217 signed<\/a><\/h3>\n                <div class=\"text-muted text-small\"><i class=\"fas fa-copy\"><\/i> 1 file(s) <i class=\"fas fa-hdd ml-3\"><\/i> 1.27 MB<\/div>\n            <\/div>\n            <div class=\"ml-3\">\n                <a class='wpdm-download-link download-on-click btn btn-primary ' rel='nofollow' href='#' data-downloadurl=\"https:\/\/iam.gov.mz\/index.php\/download\/commcare-relatorio-3-mozacaju-grants-narativo-v240217-signed\/?wpdmdl=1070&refresh=69f91e98b6b921777933976\">Download<\/a>\n            <\/div>\n        <\/div>\n    <\/div>\n<\/div>\n\n<\/div>\n\n\n\n<hr class=\"wp-block-separator has-text-color has-luminous-vivid-orange-color has-alpha-channel-opacity has-luminous-vivid-orange-background-color has-background\"\/>\n","protected":false},"excerpt":{"rendered":"<p>PROJECTO CONNECT CAJU &nbsp;&nbsp;&nbsp;&nbsp;&nbsp;&nbsp;&nbsp;&nbsp;&nbsp; Vig\u00eancia do Projecto:&nbsp; &nbsp;&nbsp;&nbsp;&nbsp;&nbsp;&nbsp;&nbsp;&nbsp;&nbsp; 25 meses (Dezembro de 2016 a Dezembro de 2018) &nbsp;&nbsp;&nbsp;&nbsp;&nbsp;&nbsp;&nbsp;&nbsp;&nbsp; Financiamento:&nbsp;&nbsp;&nbsp;&nbsp;&nbsp;&nbsp;&nbsp;&nbsp;&nbsp; &nbsp;&nbsp;&nbsp;&nbsp;&nbsp;&nbsp;&nbsp;&nbsp;&nbsp; Embaixada da Noruega &nbsp;&nbsp;&nbsp;&nbsp;&nbsp;&nbsp;&nbsp;&nbsp;&nbsp; Coordena\u00e7\u00e3o: &nbsp;&nbsp;&nbsp;&nbsp;&nbsp;&nbsp;&nbsp;&nbsp;&nbsp;&nbsp; &nbsp;&nbsp;&nbsp;&nbsp;&nbsp;&nbsp;&nbsp;&nbsp;&nbsp; TechnoServe (TNS) &nbsp;&nbsp;&nbsp;&nbsp;&nbsp;&nbsp;&nbsp;&nbsp;&nbsp; Plataforma desenvolvida:&nbsp;&nbsp;&nbsp;&nbsp;&nbsp;&nbsp; Smartfarm Or\u00e7amento do Projecto:&nbsp;&nbsp;&nbsp;&nbsp;&nbsp;&nbsp;&nbsp; MZM 37.516.280,00 &nbsp;&nbsp;&nbsp;&nbsp;&nbsp;&nbsp;&nbsp;&nbsp;&nbsp; Comparticipa\u00e7\u00e3o:&nbsp;&nbsp;&nbsp;&nbsp;&nbsp;&nbsp; &nbsp;&nbsp;&nbsp;&nbsp;&nbsp;&nbsp;&nbsp;&nbsp;&nbsp; 78.1% (INCAJU) e 21.9% (Embaixada da Noruega) &nbsp;&nbsp;&nbsp;&nbsp;&nbsp;&nbsp;&nbsp;&nbsp;&nbsp; \u00c1rea de implementa\u00e7\u00e3o:&nbsp;&nbsp;&nbsp;&nbsp;&nbsp;&nbsp;&nbsp; Cabo Delgado, Nampula e Zamb\u00e9zia &nbsp;&nbsp;&nbsp;&nbsp;&nbsp;&nbsp;&nbsp;&nbsp;&nbsp; Implementa\u00e7\u00e3o:&nbsp;&nbsp;&nbsp;&nbsp;&nbsp;&nbsp;&nbsp;&nbsp;&nbsp;&nbsp;&nbsp;&nbsp;&nbsp;&nbsp;&nbsp;&nbsp;&nbsp;&nbsp; Instituto de Fomento de Caju (INCAJU) Principais resultados: Registados 103.510 produtores e 62.011 planta\u00e7\u00f5es. &nbsp;&nbsp;&nbsp;&nbsp;&nbsp;&nbsp;&nbsp;&nbsp;&nbsp; EQUIPA DE GEST\u00c3O E IMPLEMENTA\u00c7\u00c3O &nbsp;&nbsp;&nbsp;&nbsp;&nbsp;&nbsp;&nbsp;&nbsp;&nbsp; Director Geral &nbsp;&nbsp;&nbsp;&nbsp;&nbsp;&nbsp;&nbsp;&nbsp;&nbsp;&nbsp;&nbsp;&nbsp;&nbsp;&nbsp;&nbsp;&nbsp;&nbsp;&nbsp;&nbsp; Il\u00eddio Afonso Jos\u00e9 Bande &nbsp;&nbsp;&nbsp;&nbsp;&nbsp;&nbsp;&nbsp;&nbsp;&nbsp;Director T\u00e9cnico do Projecto &nbsp;&nbsp;&nbsp;&nbsp;&nbsp;&nbsp;&nbsp;&nbsp;&nbsp;&nbsp;&nbsp;&nbsp;&nbsp;&nbsp;&nbsp;&nbsp;&nbsp;&nbsp;&nbsp; Humberto B. Guibunda Delegados Provinciais &nbsp;&nbsp;&nbsp;&nbsp;&nbsp;&nbsp;&nbsp;&nbsp;&nbsp;&nbsp;&nbsp;&nbsp;&nbsp;&nbsp;&nbsp;&nbsp;&nbsp;&nbsp;&nbsp; Feliza E. [&hellip;]<\/p>\n","protected":false},"author":1,"featured_media":0,"parent":1122,"menu_order":1,"comment_status":"closed","ping_status":"closed","template":"","meta":{"_price":"","_stock":"","_tribe_ticket_header":"","_tribe_default_ticket_provider":"","_tribe_ticket_capacity":"0","_ticket_start_date":"","_ticket_end_date":"","_tribe_ticket_show_description":"","_tribe_ticket_show_not_going":false,"_tribe_ticket_use_global_stock":"","_tribe_ticket_global_stock_level":"","_global_stock_mode":"","_global_stock_cap":"","_tribe_rsvp_for_event":"","_tribe_ticket_going_count":"","_tribe_ticket_not_going_count":"","_tribe_tickets_list":"[]","_tribe_ticket_has_attendee_info_fields":false,"footnotes":"","_tec_slr_enabled":"","_tec_slr_layout":""},"class_list":["post-101","page","type-page","status-publish","hentry"],"ticketed":false,"_links":{"self":[{"href":"https:\/\/iam.gov.mz\/index.php\/wp-json\/wp\/v2\/pages\/101","targetHints":{"allow":["GET"]}}],"collection":[{"href":"https:\/\/iam.gov.mz\/index.php\/wp-json\/wp\/v2\/pages"}],"about":[{"href":"https:\/\/iam.gov.mz\/index.php\/wp-json\/wp\/v2\/types\/page"}],"author":[{"embeddable":true,"href":"https:\/\/iam.gov.mz\/index.php\/wp-json\/wp\/v2\/users\/1"}],"replies":[{"embeddable":true,"href":"https:\/\/iam.gov.mz\/index.php\/wp-json\/wp\/v2\/comments?post=101"}],"version-history":[{"count":0,"href":"https:\/\/iam.gov.mz\/index.php\/wp-json\/wp\/v2\/pages\/101\/revisions"}],"up":[{"embeddable":true,"href":"https:\/\/iam.gov.mz\/index.php\/wp-json\/wp\/v2\/pages\/1122"}],"wp:attachment":[{"href":"https:\/\/iam.gov.mz\/index.php\/wp-json\/wp\/v2\/media?parent=101"}],"curies":[{"name":"wp","href":"https:\/\/api.w.org\/{rel}","templated":true}]}}