{"id":105,"date":"2021-02-16T11:11:03","date_gmt":"2021-02-16T11:11:03","guid":{"rendered":"http:\/\/paraestudar.online\/?page_id=105"},"modified":"2022-09-13T13:08:34","modified_gmt":"2022-09-13T13:08:34","slug":"acamoz","status":"publish","type":"page","link":"https:\/\/iam.gov.mz\/index.php\/projectos\/acamoz\/","title":{"rendered":"ACAMOZ"},"content":{"rendered":"\n<div class=\"wp-block-columns is-layout-flex wp-container-core-columns-is-layout-9d6595d7 wp-block-columns-is-layout-flex\">\n<div class=\"wp-block-column is-layout-flow wp-block-column-is-layout-flow\">\n<figure class=\"wp-block-image size-large is-style-rounded\"><img fetchpriority=\"high\" decoding=\"async\" width=\"1024\" height=\"1024\" src=\"http:\/\/iam.gov.mz\/wp-content\/uploads\/2021\/08\/ACAMOZ-VF1-1-3-1024x1024.jpg\" alt=\"\" class=\"wp-image-267\" srcset=\"https:\/\/iam.gov.mz\/wp-content\/uploads\/2021\/08\/ACAMOZ-VF1-1-3-1024x1024.jpg 1024w, https:\/\/iam.gov.mz\/wp-content\/uploads\/2021\/08\/ACAMOZ-VF1-1-3-300x300.jpg 300w, https:\/\/iam.gov.mz\/wp-content\/uploads\/2021\/08\/ACAMOZ-VF1-1-3-150x150.jpg 150w, https:\/\/iam.gov.mz\/wp-content\/uploads\/2021\/08\/ACAMOZ-VF1-1-3-768x768.jpg 768w, https:\/\/iam.gov.mz\/wp-content\/uploads\/2021\/08\/ACAMOZ-VF1-1-3-1536x1536.jpg 1536w, https:\/\/iam.gov.mz\/wp-content\/uploads\/2021\/08\/ACAMOZ-VF1-1-3-2048x2048.jpg 2048w\" sizes=\"(max-width: 1024px) 100vw, 1024px\" \/><\/figure>\n<\/div>\n\n\n\n<div class=\"wp-block-column is-layout-flow wp-block-column-is-layout-flow\">\n<figure class=\"wp-block-image size-large is-style-rounded\"><img decoding=\"async\" width=\"1024\" height=\"426\" src=\"http:\/\/iam.gov.mz\/wp-content\/uploads\/2021\/08\/AFD_embleme_horizontale_designation_RVB-1024x426.png\" alt=\"\" class=\"wp-image-273\" srcset=\"https:\/\/iam.gov.mz\/wp-content\/uploads\/2021\/08\/AFD_embleme_horizontale_designation_RVB-1024x426.png 1024w, https:\/\/iam.gov.mz\/wp-content\/uploads\/2021\/08\/AFD_embleme_horizontale_designation_RVB-300x125.png 300w, https:\/\/iam.gov.mz\/wp-content\/uploads\/2021\/08\/AFD_embleme_horizontale_designation_RVB-768x320.png 768w, https:\/\/iam.gov.mz\/wp-content\/uploads\/2021\/08\/AFD_embleme_horizontale_designation_RVB.png 1341w\" sizes=\"(max-width: 1024px) 100vw, 1024px\" \/><\/figure>\n\n\n\n<figure class=\"wp-block-image size-full is-style-rounded\"><img decoding=\"async\" width=\"823\" height=\"305\" src=\"http:\/\/iam.gov.mz\/wp-content\/uploads\/2021\/02\/cropped-Logo-IAM-1.png\" alt=\"\" class=\"wp-image-68\" srcset=\"https:\/\/iam.gov.mz\/wp-content\/uploads\/2021\/02\/cropped-Logo-IAM-1.png 823w, https:\/\/iam.gov.mz\/wp-content\/uploads\/2021\/02\/cropped-Logo-IAM-1-300x111.png 300w, https:\/\/iam.gov.mz\/wp-content\/uploads\/2021\/02\/cropped-Logo-IAM-1-768x285.png 768w\" sizes=\"(max-width: 823px) 100vw, 823px\" \/><\/figure>\n<\/div>\n\n\n\n<div class=\"wp-block-column is-layout-flow wp-block-column-is-layout-flow\">\n<figure class=\"wp-block-image size-full is-style-rounded\"><img loading=\"lazy\" decoding=\"async\" width=\"947\" height=\"398\" src=\"http:\/\/iam.gov.mz\/wp-content\/uploads\/2021\/08\/nitidae_logo_por_hor_blue-1-1.png\" alt=\"\" class=\"wp-image-268\" srcset=\"https:\/\/iam.gov.mz\/wp-content\/uploads\/2021\/08\/nitidae_logo_por_hor_blue-1-1.png 947w, https:\/\/iam.gov.mz\/wp-content\/uploads\/2021\/08\/nitidae_logo_por_hor_blue-1-1-300x126.png 300w, https:\/\/iam.gov.mz\/wp-content\/uploads\/2021\/08\/nitidae_logo_por_hor_blue-1-1-768x323.png 768w\" sizes=\"(max-width: 947px) 100vw, 947px\" \/><\/figure>\n<\/div>\n<\/div>\n\n\n\n<p class=\"has-drop-cap\"> ACAMOZ \u00e9 financiado pela Ag\u00eancia Francesa de Desenvolvimento (AFD), trabalha em parceria com o Instituto das Am\u00eandoas de Mo\u00e7ambique (IAM, IP) e o Minist\u00e9rio da Agricultura e Desenvolvimento Rural (MADER). Tem como objectivo contribuir para o refor\u00e7o da cadeia de valor do caju, a fim de aumentar as rendas dos pequenos agricultores, promover o processamento nacional e sua integra\u00e7\u00e3o no mercado internacional, e melhorar a competitividade e a sustentabilidade econ\u00f4mica, ambiental e social da produ\u00e7\u00e3o de castanha de caju dentro de um quadro institucional mais forte e transparente liderado pelo IAM, IP. O projecto ACAMOZ apoia tamb\u00e9m o IAM,IP na sua nova miss\u00e3o de desenvolver a cadeia de valor da Macad\u00e2mia.<\/p>\n\n\n\n<p><strong>O projecto est\u00e1 dividido em duas componentes:<\/strong><\/p>\n\n\n\n<p>A primeira componente trabalha promovendo a disponibilidade transparente de informa\u00e7\u00f5es sobre o mercado, fortalecer o quadro institucional para a tomada de decis\u00e3o e orienta\u00e7\u00e3o da cadeia de valor para promover o processamento nacional e uma melhor integra\u00e7\u00e3o no mercado internacional. Dentre as actividades promovidas est\u00e3o: refor\u00e7o do sistema de informa\u00e7\u00e3o sobre o mercado (N\u2019Kal\u00f4), facilita\u00e7\u00e3o do di\u00e1logo entre os actores da cadeia do caju, aconselhamento t\u00e9cnico sobre pol\u00edticas p\u00fablicas como o pre\u00e7o refer\u00eancia ou apoio a revis\u00e3o da Lei do caju, e estudo da competitividade e melhoria do processamento mo\u00e7ambicano.<\/p>\n\n\n\n<p>Na segunda componente quer se desenvolver uma cadeia de valor economicamente, ambientalmente e socialmente sustent\u00e1vel ao redor da Reserva Nacional do Gil\u00e9, na provincia de Zamb\u00e9zia, atrav\u00e9s da estrutura\u00e7\u00e3o e organiza\u00e7\u00e3o dos produtores, promo\u00e7\u00e3o de sistemas de produ\u00e7\u00e3o agroflorestal e certifica\u00e7\u00e3o do caju de tipo org\u00e2nico ou com\u00e9rcio justo.<\/p>\n\n\n\n<p class=\"has-drop-cap\">Nitidae \u00e9 uma organiza\u00e7\u00e3o n\u00e3o governamental de origem francesa, que tem como objectivo de desenvolver projectos que associam a preserva\u00e7\u00e3o do meio ambiente e refor\u00e7a as economias locais. A Nitidae desenvolve projectos em Madagascar, Burkina Faso, Mo\u00e7ambique e Costa de Marfim, fornece experi\u00eancia t\u00e9cnica \u00e0s empresas agroalimentares e institui\u00e7\u00f5es publicas para melhorar a performance das cadeias de valores agr\u00edcolas, diminuir o impacto ambiental e estimular o desenvolvimento econ\u00f4mico local juntamente com a organiza\u00e7\u00e3o de produtores e comunidades locais.<\/p>\n\n\n\n<p><em><strong>Servi\u00e7o de informa\u00e7\u00e3o sobre o mercado N\u2019kal\u00f4<\/strong><\/em><\/p>\n\n\n\n<p class=\"has-drop-cap has-black-color has-text-color\"><a href=\"https:\/\/www.nkalo.com\/home\">N&#8217;kal\u00f4<\/a> \u00e9 uma ferramenta inovadora e eficiente para analisar mercados agr\u00edcolas para o sector agro-alimentar em \u00c1frica. Desde a produ\u00e7\u00e3o at\u00e9 o uso final, fornecem consultoria estrat\u00e9gica de neg\u00f3cios e an\u00e1lise de mercado global. Sua expertise \u00e9 sustentada por uma equipe de 20 analistas de 12 pa\u00edses e uma grande rede de atores privados de todo o mundo.<\/p>\n\n\n\n<p><\/p>\n\n\n\n<p class=\"has-drop-cap\"> IAM, IP produze com a equipe N\u2019k\u00e2lo boletins sobre a situa\u00e7\u00e3o do mercado da castanha e am\u00eandoa de caju, para fornercer aos profissionais da cadeia de valor conselhos estrat\u00e9gicos e comprometidos sobre mercados e pre\u00e7os, divulgados por boletins, telefone (SMS) para mais de 60.000 agricultores registados na base de dados Connectcaju bem como atrav\u00e9s de boletins nas radios comunit\u00e1rias para organiza\u00e7\u00f5es de produtores para melhorar sua comercializa\u00e7\u00e3o, sua renda e limitar seus riscos.<\/p>\n\n\n\n<p><\/p>\n\n\n\n<p class=\"has-luminous-vivid-orange-color has-black-background-color has-text-color has-background\"><em>Contactos<\/em><\/p>\n\n\n\n<p>Jean Baptiste Roelens<\/p>\n\n\n\n<p>Representante Nacional<\/p>\n\n\n\n<p>+258 87 004 3558<\/p>\n\n\n\n<p><a href=\"mailto:jb.roelens@nitidae.org\">jb.roelens@nitidae.org<\/a><\/p>\n\n\n\n<hr class=\"wp-block-separator has-text-color has-luminous-vivid-orange-color has-css-opacity has-luminous-vivid-orange-background-color has-background\"\/>\n\n\n\n<p class=\"has-black-background-color has-background\"><strong><span class=\"has-inline-color has-luminous-vivid-orange-color\">Dados chaves do Projecto<\/span><\/strong><\/p>\n\n\n\n<p><mark style=\"background-color:rgba(0, 0, 0, 0)\" class=\"has-inline-color has-luminous-vivid-orange-color\">N\u00famero do projecto:<\/mark> CMZ 1147 01 L<\/p>\n\n\n\n<p><mark style=\"background-color:rgba(0, 0, 0, 0)\" class=\"has-inline-color has-luminous-vivid-orange-color\">Valor:<\/mark>\u00a0 2,000,000 \u20ac<\/p>\n\n\n\n<p><mark style=\"background-color:rgba(0, 0, 0, 0)\" class=\"has-inline-color has-luminous-vivid-orange-color\">Assinatura da conven\u00e7\u00e3o de financiamento:<\/mark> 6 Junho 2018<\/p>\n\n\n\n<p><mark style=\"background-color:rgba(0, 0, 0, 0)\" class=\"has-inline-color has-luminous-vivid-orange-color\">Assinatura da conven\u00e7\u00e3o de implementa\u00e7\u00e3o:<\/mark> 17 Dezembro 2018<\/p>\n\n\n\n<p><mark style=\"background-color:rgba(0, 0, 0, 0)\" class=\"has-inline-color has-luminous-vivid-orange-color\">Data de fim do projecto planificada actualmente:<\/mark> 30 Abril 2022 Dura\u00e7\u00e3o: 3 anos e 4 meses<\/p>\n\n\n\n<p class=\"has-black-background-color has-background\"><strong><span class=\"has-inline-color has-luminous-vivid-orange-color\">Intervenientes<\/span><\/strong><\/p>\n\n\n\n<p><mark style=\"background-color:rgba(0, 0, 0, 0)\" class=\"has-inline-color has-luminous-vivid-orange-color\">Propriet\u00e1rio do projecto:<\/mark> Minist\u00e9rio da Economia e Finan\u00e7as<\/p>\n\n\n\n<p><mark style=\"background-color:rgba(0, 0, 0, 0)\" class=\"has-inline-color has-luminous-vivid-orange-color\">Propriet\u00e1rio delegado do projecto:<\/mark> Minist\u00e9rio da Agricultura e Desenvolvimento Rural<\/p>\n\n\n\n<p><mark style=\"background-color:rgba(0, 0, 0, 0)\" class=\"has-inline-color has-luminous-vivid-orange-color\">Gestor do Projecto:<\/mark> Instituto das Am\u00eandoas de Mo\u00e7ambique, IP<\/p>\n\n\n\n<p><mark style=\"background-color:rgba(0, 0, 0, 0)\" class=\"has-inline-color has-luminous-vivid-orange-color\">Gestor da implementa\u00e7\u00e3o do Projecto:<\/mark> NITIDAE<\/p>\n\n\n\n<p class=\"has-black-background-color has-background\"><strong><span class=\"has-inline-color has-luminous-vivid-orange-color\">Objectivos<\/span><\/strong><\/p>\n\n\n\n<p>A finalidade de ACAMOZ \u00e9 contribuir para o fortalecimento da cadeia de valor da castanha de caju, de forma a aumentar a renda dos pequenos agricultores, preservando os recursos naturais na \u00e1rea de interven\u00e7\u00e3o, dentro de um quadro institucional mais forte e mais transparente impulsionado pelo IAM.<\/p>\n\n\n\n<p class=\"has-black-background-color has-background\"><mark style=\"background-color:rgba(0, 0, 0, 0)\" class=\"has-inline-color has-luminous-vivid-orange-color\">Componentes do projecto<\/mark><\/p>\n\n\n\n<p>O acordo de implementa\u00e7\u00e3o prev\u00ea 3 componentes com os seguintes resultados esperados:<\/p>\n\n\n\n<ul class=\"wp-block-list\"><li>O fortalecimento das capacidades institucionais do IAM permitindo promover a transpar\u00eancia na disponibiliza\u00e7\u00e3o de informa\u00e7\u00f5es e fortalecer o quadro institucional de tomada de decis\u00e3o e orienta\u00e7\u00e3o da cadeia de valor, para uma melhor integra\u00e7\u00e3o no mercado internacional;<\/li><li>Promo\u00e7\u00e3o da competitividade e sustentabilidade econ\u00f3mica, ambiental e social da produ\u00e7\u00e3o de caju em Mo\u00e7ambique atrav\u00e9s de um projecto piloto na Zamb\u00e9zia,<\/li><li>Coordena\u00e7\u00e3o e acompanhamento-avalia\u00e7\u00e3o do projecto de forma a medir os resultados e os efeitos, mas tamb\u00e9m os impactos de forma a permitir, aos v\u00e1rios stakeholders, julgar para o grau de relev\u00e2ncia deste tipo de interven\u00e7\u00e3o<\/li><\/ul>\n\n\n\n<hr class=\"wp-block-separator has-text-color has-luminous-vivid-orange-color has-css-opacity has-luminous-vivid-orange-background-color has-background is-style-default\"\/>\n\n\n<div class='w3eden'><!-- WPDM Link Template: Default Template -->\n\n<div class=\"link-template-default card mb-2\">\n    <div class=\"card-body\">\n        <div class=\"media\">\n            <div class=\"mr-3 img-48\"><img decoding=\"async\" class=\"wpdm_icon\" alt=\"Icon\"   src=\"http:\/\/iam.gov.mz\/wp-content\/plugins\/download-manager\/assets\/file-type-icons\/pdf.svg\" \/><\/div>\n            <div class=\"media-body\">\n                <h3 class=\"package-title\"><a href='https:\/\/iam.gov.mz\/index.php\/download\/nota-sobre-custos-de-producao-gile-pebane-nitidae-setembro-20201\/'>Nota-sobre-Custos-de-Producao-Gile-Pebane-Nitidae-setembro-20201<\/a><\/h3>\n                <div class=\"text-muted text-small\"><i class=\"fas fa-copy\"><\/i> 1 file(s) <i class=\"fas fa-hdd ml-3\"><\/i> 564.34 KB<\/div>\n            <\/div>\n            <div class=\"ml-3\">\n                <a class='wpdm-download-link download-on-click btn btn-primary ' rel='nofollow' href='#' data-downloadurl=\"https:\/\/iam.gov.mz\/index.php\/download\/nota-sobre-custos-de-producao-gile-pebane-nitidae-setembro-20201\/?wpdmdl=1110&refresh=69dd059625f2a1776092566\">Download<\/a>\n            <\/div>\n        <\/div>\n    <\/div>\n<\/div>\n\n<\/div>\n\n\n<div class='w3eden'><!-- WPDM Link Template: Default Template -->\n\n<div class=\"link-template-default card mb-2\">\n    <div class=\"card-body\">\n        <div class=\"media\">\n            <div class=\"mr-3 img-48\"><img decoding=\"async\" class=\"wpdm_icon\" alt=\"Icon\"   src=\"http:\/\/iam.gov.mz\/wp-content\/plugins\/download-manager\/assets\/file-type-icons\/pdf.svg\" \/><\/div>\n            <div class=\"media-body\">\n                <h3 class=\"package-title\"><a href='https:\/\/iam.gov.mz\/index.php\/download\/energia-renovavel-e-valorizacao-dos-subprodutos-da-castanha-de-caju\/'>Energia-Renovavel-e-Valorizacao-dos-Subprodutos-da-Castanha-de-Caju<\/a><\/h3>\n                <div class=\"text-muted text-small\"><i class=\"fas fa-copy\"><\/i> 1 file(s) <i class=\"fas fa-hdd ml-3\"><\/i> 481.64 KB<\/div>\n            <\/div>\n            <div class=\"ml-3\">\n                <a class='wpdm-download-link download-on-click btn btn-primary ' rel='nofollow' href='#' data-downloadurl=\"https:\/\/iam.gov.mz\/index.php\/download\/energia-renovavel-e-valorizacao-dos-subprodutos-da-castanha-de-caju\/?wpdmdl=1114&refresh=69dd059627dcb1776092566\">Download<\/a>\n            <\/div>\n        <\/div>\n    <\/div>\n<\/div>\n\n<\/div>\n\n\n<div class='w3eden'><!-- WPDM Link Template: Default Template -->\n\n<div class=\"link-template-default card mb-2\">\n    <div class=\"card-body\">\n        <div class=\"media\">\n            <div class=\"mr-3 img-48\"><img decoding=\"async\" class=\"wpdm_icon\" alt=\"Icon\"   src=\"http:\/\/iam.gov.mz\/wp-content\/plugins\/download-manager\/assets\/file-type-icons\/pdf.svg\" \/><\/div>\n            <div class=\"media-body\">\n                <h3 class=\"package-title\"><a href='https:\/\/iam.gov.mz\/index.php\/download\/competitiveness_of_the_cashew_nut_industry_in_mozambique-en\/'>competitiveness_of_the_cashew_nut_industry_in_mozambique-EN<\/a><\/h3>\n                <div class=\"text-muted text-small\"><i class=\"fas fa-copy\"><\/i> 1 file(s) <i class=\"fas fa-hdd ml-3\"><\/i> 3.53 MB<\/div>\n            <\/div>\n            <div class=\"ml-3\">\n                <a class='wpdm-download-link download-on-click btn btn-primary ' rel='nofollow' href='#' data-downloadurl=\"https:\/\/iam.gov.mz\/index.php\/download\/competitiveness_of_the_cashew_nut_industry_in_mozambique-en\/?wpdmdl=1118&refresh=69dd0596293361776092566\">Download<\/a>\n            <\/div>\n        <\/div>\n    <\/div>\n<\/div>\n\n<\/div>\n\n\n\n<hr class=\"wp-block-separator has-text-color has-luminous-vivid-orange-color has-css-opacity has-luminous-vivid-orange-background-color has-background\"\/>\n","protected":false},"excerpt":{"rendered":"<p>ACAMOZ \u00e9 financiado pela Ag\u00eancia Francesa de Desenvolvimento (AFD), trabalha em parceria com o Instituto das Am\u00eandoas de Mo\u00e7ambique (IAM, IP) e o Minist\u00e9rio da Agricultura e Desenvolvimento Rural (MADER). Tem como objectivo contribuir para o refor\u00e7o da cadeia de valor do caju, a fim de aumentar as rendas dos pequenos agricultores, promover o processamento nacional e sua integra\u00e7\u00e3o no mercado internacional, e melhorar a competitividade e a sustentabilidade econ\u00f4mica, ambiental e social da produ\u00e7\u00e3o de castanha de caju dentro de um quadro institucional mais forte e transparente liderado pelo IAM, IP. O projecto ACAMOZ apoia tamb\u00e9m o IAM,IP na [&hellip;]<\/p>\n","protected":false},"author":1,"featured_media":0,"parent":125,"menu_order":2,"comment_status":"closed","ping_status":"closed","template":"","meta":{"_price":"","_stock":"","_tribe_ticket_header":"","_tribe_default_ticket_provider":"","_tribe_ticket_capacity":"0","_ticket_start_date":"","_ticket_end_date":"","_tribe_ticket_show_description":"","_tribe_ticket_show_not_going":false,"_tribe_ticket_use_global_stock":"","_tribe_ticket_global_stock_level":"","_global_stock_mode":"","_global_stock_cap":"","_tribe_rsvp_for_event":"","_tribe_ticket_going_count":"","_tribe_ticket_not_going_count":"","_tribe_tickets_list":"[]","_tribe_ticket_has_attendee_info_fields":false,"footnotes":"","_tec_slr_enabled":"","_tec_slr_layout":""},"class_list":["post-105","page","type-page","status-publish","hentry"],"ticketed":false,"_links":{"self":[{"href":"https:\/\/iam.gov.mz\/index.php\/wp-json\/wp\/v2\/pages\/105","targetHints":{"allow":["GET"]}}],"collection":[{"href":"https:\/\/iam.gov.mz\/index.php\/wp-json\/wp\/v2\/pages"}],"about":[{"href":"https:\/\/iam.gov.mz\/index.php\/wp-json\/wp\/v2\/types\/page"}],"author":[{"embeddable":true,"href":"https:\/\/iam.gov.mz\/index.php\/wp-json\/wp\/v2\/users\/1"}],"replies":[{"embeddable":true,"href":"https:\/\/iam.gov.mz\/index.php\/wp-json\/wp\/v2\/comments?post=105"}],"version-history":[{"count":0,"href":"https:\/\/iam.gov.mz\/index.php\/wp-json\/wp\/v2\/pages\/105\/revisions"}],"up":[{"embeddable":true,"href":"https:\/\/iam.gov.mz\/index.php\/wp-json\/wp\/v2\/pages\/125"}],"wp:attachment":[{"href":"https:\/\/iam.gov.mz\/index.php\/wp-json\/wp\/v2\/media?parent=105"}],"curies":[{"name":"wp","href":"https:\/\/api.w.org\/{rel}","templated":true}]}}