{"id":125,"date":"2021-04-19T14:14:34","date_gmt":"2021-04-19T14:14:34","guid":{"rendered":"http:\/\/iam.gov.mz\/?page_id=125"},"modified":"2024-11-11T11:05:50","modified_gmt":"2024-11-11T11:05:50","slug":"projectos","status":"publish","type":"page","link":"https:\/\/iam.gov.mz\/index.php\/projectos\/","title":{"rendered":"Projectos"},"content":{"rendered":"\n<div class=\"wp-block-media-text is-stacked-on-mobile\"><figure class=\"wp-block-media-text__media\"><img fetchpriority=\"high\" decoding=\"async\" width=\"1024\" height=\"775\" src=\"https:\/\/iam.gov.mz\/wp-content\/uploads\/2024\/11\/Leayer-1024x775.png\" alt=\"\" class=\"wp-image-2754 size-full\" srcset=\"https:\/\/iam.gov.mz\/wp-content\/uploads\/2024\/11\/Leayer-1024x775.png 1024w, https:\/\/iam.gov.mz\/wp-content\/uploads\/2024\/11\/Leayer-300x227.png 300w, https:\/\/iam.gov.mz\/wp-content\/uploads\/2024\/11\/Leayer-768x581.png 768w, https:\/\/iam.gov.mz\/wp-content\/uploads\/2024\/11\/Leayer.png 1233w\" sizes=\"(max-width: 1024px) 100vw, 1024px\" \/><\/figure><div class=\"wp-block-media-text__content\">\n<p><strong>Connect Caju<\/strong> \u00e9 uma iniciativa de partilha de custos entre o IAM, IP e a Embaixada da Noruega, esta, representada pela Norges Vel, Brynild Gruppen e IKURU; desenvolvida sob coordena\u00e7\u00e3o da TechnoServe (TNS). O Projecto Connect Caju foi desenhado com o objectivo de aprimorar o sistema de colecta de dados e comunica\u00e7\u00e3o em extens\u00e3o de forma efectiva e sustent\u00e1vel, visando contribuir para a melhoria da qualidade dos servi\u00e7os de assist\u00eancia t\u00e9cnica, monitoria e avalia\u00e7\u00e3o ao n\u00edvel sectorial, tornando-o mais atractivo, mais competitivo, mais transparente e inclusivo.<\/p>\n<\/div><\/div>\n\n\n\n<div class=\"wp-block-media-text is-stacked-on-mobile\"><figure class=\"wp-block-media-text__media\"><img decoding=\"async\" width=\"1024\" height=\"775\" src=\"https:\/\/iam.gov.mz\/wp-content\/uploads\/2024\/11\/Leayer-1-1024x775.png\" alt=\"\" class=\"wp-image-2755 size-full\" srcset=\"https:\/\/iam.gov.mz\/wp-content\/uploads\/2024\/11\/Leayer-1-1024x775.png 1024w, https:\/\/iam.gov.mz\/wp-content\/uploads\/2024\/11\/Leayer-1-300x227.png 300w, https:\/\/iam.gov.mz\/wp-content\/uploads\/2024\/11\/Leayer-1-768x581.png 768w, https:\/\/iam.gov.mz\/wp-content\/uploads\/2024\/11\/Leayer-1.png 1233w\" sizes=\"(max-width: 1024px) 100vw, 1024px\" \/><\/figure><div class=\"wp-block-media-text__content\">\n<p><strong>ACAMOZ<\/strong> \u00e9 financiado pela Ag\u00eancia Francesa de Desenvolvimento (AFD), trabalha em parceria com o Instituto das Am\u00eandoas de Mo\u00e7ambique (IAM, IP) e o Minist\u00e9rio da Agricultura e Desenvolvimento Rural (MADER). Tem como objectivo contribuir para o refor\u00e7o da cadeia de valor do caju, a fim de aumentar as rendas dos pequenos agricultores, promover o processamento nacional e sua integra\u00e7\u00e3o no mercado internacional, e melhorar a competitividade e a sustentabilidade econ\u00f4mica, ambiental e social da produ\u00e7\u00e3o de castanha de caju dentro de um quadro institucional mais forte e transparente liderado pelo IAM, IP. O projecto ACAMOZ apoia tamb\u00e9m o IAM,IP na sua nova miss\u00e3o de desenvolver a cadeia de valor da Macad\u00e2mia.<\/p>\n<\/div><\/div>\n","protected":false},"excerpt":{"rendered":"<p>Connect Caju \u00e9 uma iniciativa de partilha de custos entre o IAM, IP e a Embaixada da Noruega, esta, representada pela Norges Vel, Brynild Gruppen e IKURU; desenvolvida sob coordena\u00e7\u00e3o da TechnoServe (TNS). O Projecto Connect Caju foi desenhado com o objectivo de aprimorar o sistema de colecta de dados e comunica\u00e7\u00e3o em extens\u00e3o de forma efectiva e sustent\u00e1vel, visando contribuir para a melhoria da qualidade dos servi\u00e7os de assist\u00eancia t\u00e9cnica, monitoria e avalia\u00e7\u00e3o ao n\u00edvel sectorial, tornando-o mais atractivo, mais competitivo, mais transparente e inclusivo. ACAMOZ \u00e9 financiado pela Ag\u00eancia Francesa de Desenvolvimento (AFD), trabalha em parceria com o [&hellip;]<\/p>\n","protected":false},"author":1,"featured_media":0,"parent":0,"menu_order":1,"comment_status":"closed","ping_status":"closed","template":"","meta":{"_price":"","_stock":"","_tribe_ticket_header":"","_tribe_default_ticket_provider":"","_tribe_ticket_capacity":"0","_ticket_start_date":"","_ticket_end_date":"","_tribe_ticket_show_description":"","_tribe_ticket_show_not_going":false,"_tribe_ticket_use_global_stock":"","_tribe_ticket_global_stock_level":"","_global_stock_mode":"","_global_stock_cap":"","_tribe_rsvp_for_event":"","_tribe_ticket_going_count":"","_tribe_ticket_not_going_count":"","_tribe_tickets_list":"[]","_tribe_ticket_has_attendee_info_fields":false,"footnotes":"","_tec_slr_enabled":"","_tec_slr_layout":""},"class_list":["post-125","page","type-page","status-publish","hentry"],"ticketed":false,"_links":{"self":[{"href":"https:\/\/iam.gov.mz\/index.php\/wp-json\/wp\/v2\/pages\/125","targetHints":{"allow":["GET"]}}],"collection":[{"href":"https:\/\/iam.gov.mz\/index.php\/wp-json\/wp\/v2\/pages"}],"about":[{"href":"https:\/\/iam.gov.mz\/index.php\/wp-json\/wp\/v2\/types\/page"}],"author":[{"embeddable":true,"href":"https:\/\/iam.gov.mz\/index.php\/wp-json\/wp\/v2\/users\/1"}],"replies":[{"embeddable":true,"href":"https:\/\/iam.gov.mz\/index.php\/wp-json\/wp\/v2\/comments?post=125"}],"version-history":[{"count":1,"href":"https:\/\/iam.gov.mz\/index.php\/wp-json\/wp\/v2\/pages\/125\/revisions"}],"predecessor-version":[{"id":2756,"href":"https:\/\/iam.gov.mz\/index.php\/wp-json\/wp\/v2\/pages\/125\/revisions\/2756"}],"wp:attachment":[{"href":"https:\/\/iam.gov.mz\/index.php\/wp-json\/wp\/v2\/media?parent=125"}],"curies":[{"name":"wp","href":"https:\/\/api.w.org\/{rel}","templated":true}]}}