{"id":140,"date":"2021-04-19T14:53:54","date_gmt":"2021-04-19T14:53:54","guid":{"rendered":"http:\/\/iam.gov.mz\/?page_id=140"},"modified":"2022-07-15T08:10:52","modified_gmt":"2022-07-15T08:10:52","slug":"memorandos","status":"publish","type":"page","link":"https:\/\/iam.gov.mz\/index.php\/informacao\/memorandos\/","title":{"rendered":"Memorandos"},"content":{"rendered":"\n<div class=\"wp-block-group\"><div class=\"wp-block-group__inner-container is-layout-flow wp-block-group-is-layout-flow\">\n<h2 class=\"has-luminous-vivid-orange-color has-text-color wp-block-heading\" style=\"font-size:38px\">Assinatura de Memorandos <\/h2>\n\n\n\n<div class=\"wp-block-columns is-layout-flex wp-container-core-columns-is-layout-9d6595d7 wp-block-columns-is-layout-flex\">\n<div class=\"wp-block-column is-layout-flow wp-block-column-is-layout-flow\">\n<p class=\"has-luminous-vivid-orange-color has-black-background-color has-text-color has-background\"><strong>ASSINADO MEMORANDO QUE VIABILIZA RESTAURA\u00c7\u00c3O DE GORONGOSA<\/strong><\/p>\n\n\n\n<figure class=\"wp-block-image size-full\"><img fetchpriority=\"high\" decoding=\"async\" width=\"660\" height=\"372\" src=\"http:\/\/iam.gov.mz\/wp-content\/uploads\/2021\/02\/memorando-Amendoas1-1-660x372-1.jpg\" alt=\"\" class=\"wp-image-115\" srcset=\"https:\/\/iam.gov.mz\/wp-content\/uploads\/2021\/02\/memorando-Amendoas1-1-660x372-1.jpg 660w, https:\/\/iam.gov.mz\/wp-content\/uploads\/2021\/02\/memorando-Amendoas1-1-660x372-1-300x169.jpg 300w\" sizes=\"(max-width: 660px) 100vw, 660px\" \/><\/figure>\n\n\n\n<p><strong>O Instituto de Am\u00eandoas de Mo\u00e7ambique e o Parque Nacional de Gorongosa rubricaram no passado dia 10 de dezembro um memorando de entendimento que viabiliza o projecto de restaura\u00e7\u00e3o de Gorongosa para produ\u00e7\u00e3o.<\/strong><\/p>\n\n\n\n<p>Na sua interven\u00e7\u00e3o o Director Geral do Instituto de Am\u00eandoas de Mo\u00e7ambique, Il\u00eddio Bande, sublinhou que, do acordo ora celebrado esperam contribuir para o aumento de renda de 4000 mil fam\u00edlias residentes na zona tamp\u00e3o do Parque Nacional de Gorongosa dos distritos de Cheringoma, Nhamatanda, Muandza, Maring\u00fae e Dondo, Prov\u00edncia de Sofala.<\/p>\n\n\n\n<p>Para o titular da pasta do IAM, este acto simboliza o compromisso do Governo no fortalecimento de parcerias P\u00fablicos-Privado e busca sinergias para alavancar o desenvolvimento do pa\u00eds, no caso concrecto o fomento das am\u00eandoas no pa\u00eds.<\/p>\n\n\n\n<p>Ainda na sua interven\u00e7\u00e3o, o Bande fez saber que, em termos de desafios do subsector, na cultura do caju pretendem aumentar a capacidade produtiva das actuais 3.5 milh\u00f5es de mudas plantadas anualmente para 10 milh\u00f5es, no maneio integrado sair da fasquia de 7.7 milh\u00f5es de cajueiros tratados contra pragas e doen\u00e7as para cerca de 10.5 milh\u00f5es e na produ\u00e7\u00e3o sair dos actuais 143 mil toneladas para mais de 200 mil at\u00e9 o fim do quinqu\u00e9nio.&nbsp;<\/p>\n\n\n\n<p>Neste contexto, com esta assinatura perspectivam a massifica\u00e7\u00e3o do fomento das am\u00eandoas em Mo\u00e7ambique com vista a criar riqueza das popula\u00e7\u00f5es residentes na regi\u00e3o norte do pa\u00eds e contribu\u00eda para o desenvolvimento das zonas rurais.<\/p>\n<\/div>\n\n\n\n<div class=\"wp-block-column is-layout-flow wp-block-column-is-layout-flow\">\n<p class=\"has-luminous-vivid-orange-color has-black-background-color has-text-color has-background\"><strong><strong>O INSTITUTO DE AM\u00caNDOAS DE MO\u00c7AMBIQUE E IPEME FIRMAM ACORDO<\/strong><\/strong><\/p>\n\n\n\n<figure class=\"wp-block-image size-full\"><img decoding=\"async\" width=\"660\" height=\"372\" src=\"http:\/\/iam.gov.mz\/wp-content\/uploads\/2021\/02\/Amendoas-VS-IPEME-660x372-1.jpg\" alt=\"\" class=\"wp-image-113\" srcset=\"https:\/\/iam.gov.mz\/wp-content\/uploads\/2021\/02\/Amendoas-VS-IPEME-660x372-1.jpg 660w, https:\/\/iam.gov.mz\/wp-content\/uploads\/2021\/02\/Amendoas-VS-IPEME-660x372-1-300x169.jpg 300w\" sizes=\"(max-width: 660px) 100vw, 660px\" \/><\/figure>\n\n\n\n<p><strong>O Instituto de Am\u00eandoas de Mo\u00e7ambique IP (IAM), e o Instituto para promo\u00e7\u00e3o de Pequenas e M\u00e9dias Empresas (IPEME) assinaram no passado dia 28 de Dezembro um acordo que visa refor\u00e7ar a capacidade para a cria\u00e7\u00e3o, fortalecimento e desenvolvimento das Pequenas e M\u00e9dias Empresas na cadeia de valor de caju e outras am\u00eandoas atrav\u00e9s de ac\u00e7\u00f5es de forma\u00e7\u00e3o e facilita\u00e7\u00e3o do seu acesso ao mercado e financiamento.<\/strong><\/p>\n\n\n\n<p>A coopera\u00e7\u00e3o entre as duas institui\u00e7\u00f5es concentra-se na assist\u00eancia e forma\u00e7\u00e3o das Pequenas e M\u00e9dias Empresas para o seu desenvolvimento na cadeia de produ\u00e7\u00e3o das am\u00eandoas, e na promo\u00e7\u00e3o do sector privado dentro da mesma cadeia.<\/p>\n\n\n\n<p>Na ocasi\u00e3o, a Directora Geral do Instituto para a Promo\u00e7\u00e3o das Pequenas e M\u00e9dias Empresas disse que \u201ccom a assinatura deste memorando, as duas fam\u00edlias se juntam, a fam\u00edlia Instituto para a Promo\u00e7\u00e3o de Pequenas e Medias e Empresas e a do Instituto de Am\u00eandoa de Mo\u00e7ambique, em prol de um objectivo comum que \u00e9 o de alavancar cada vez mais a cadeia de valor de am\u00eandoas. Avan\u00e7ou ainda que para a sua consolida\u00e7\u00e3o e crescimento n\u00e3o basta apenas \u00e0 vontade ou inten\u00e7\u00e3o, temos \u00e9 que trabalhar para atingir o nosso objectivo\u201d.<\/p>\n\n\n\n<p>Por sua vez, o Director Geral do Instituto de Am\u00eandoas frisou que \u201ceste memorando traz consigo um desafio novo que \u00e9 a integra\u00e7\u00e3o do sector familiar na produ\u00e7\u00e3o da cultura de macad\u00e2mia visto que at\u00e9 ao momento apenas as grandes empresas \u00e9 que est\u00e3o envolvidas nesse processo. Segundo orienta\u00e7\u00e3o do Governo, emanada por Sua excel\u00eancia Ministro da Agricultura e Desenvolvimento Rural, o nosso sector deve encontrar formas do sector familiar fazer parte da produ\u00e7\u00e3o e comercializa\u00e7\u00e3o da macad\u00e2mia\u201d.<\/p>\n\n\n\n<p>O memorando teve como assinantes o Director Geral do Instituto de Am\u00eandoas, Il\u00eddio Bande, e a Directora Geral do Instituto para a Promo\u00e7\u00e3o das Pequenas e M\u00e9dias Empresas, Joaquina Gumeta.<\/p>\n<\/div>\n<\/div>\n<\/div><\/div>\n","protected":false},"excerpt":{"rendered":"<p>Assinatura de Memorandos ASSINADO MEMORANDO QUE VIABILIZA RESTAURA\u00c7\u00c3O DE GORONGOSA O Instituto de Am\u00eandoas de Mo\u00e7ambique e o Parque Nacional de Gorongosa rubricaram no passado dia 10 de dezembro um memorando de entendimento que viabiliza o projecto de restaura\u00e7\u00e3o de Gorongosa para produ\u00e7\u00e3o. Na sua interven\u00e7\u00e3o o Director Geral do Instituto de Am\u00eandoas de Mo\u00e7ambique, Il\u00eddio Bande, sublinhou que, do acordo ora celebrado esperam contribuir para o aumento de renda de 4000 mil fam\u00edlias residentes na zona tamp\u00e3o do Parque Nacional de Gorongosa dos distritos de Cheringoma, Nhamatanda, Muandza, Maring\u00fae e Dondo, Prov\u00edncia de Sofala. Para o titular da pasta [&hellip;]<\/p>\n","protected":false},"author":1,"featured_media":0,"parent":142,"menu_order":6,"comment_status":"closed","ping_status":"closed","template":"","meta":{"_price":"","_stock":"","_tribe_ticket_header":"","_tribe_default_ticket_provider":"","_tribe_ticket_capacity":"0","_ticket_start_date":"","_ticket_end_date":"","_tribe_ticket_show_description":"","_tribe_ticket_show_not_going":false,"_tribe_ticket_use_global_stock":"","_tribe_ticket_global_stock_level":"","_global_stock_mode":"","_global_stock_cap":"","_tribe_rsvp_for_event":"","_tribe_ticket_going_count":"","_tribe_ticket_not_going_count":"","_tribe_tickets_list":"[]","_tribe_ticket_has_attendee_info_fields":false,"footnotes":"","_tec_slr_enabled":"","_tec_slr_layout":""},"class_list":["post-140","page","type-page","status-publish","hentry"],"ticketed":false,"_links":{"self":[{"href":"https:\/\/iam.gov.mz\/index.php\/wp-json\/wp\/v2\/pages\/140","targetHints":{"allow":["GET"]}}],"collection":[{"href":"https:\/\/iam.gov.mz\/index.php\/wp-json\/wp\/v2\/pages"}],"about":[{"href":"https:\/\/iam.gov.mz\/index.php\/wp-json\/wp\/v2\/types\/page"}],"author":[{"embeddable":true,"href":"https:\/\/iam.gov.mz\/index.php\/wp-json\/wp\/v2\/users\/1"}],"replies":[{"embeddable":true,"href":"https:\/\/iam.gov.mz\/index.php\/wp-json\/wp\/v2\/comments?post=140"}],"version-history":[{"count":0,"href":"https:\/\/iam.gov.mz\/index.php\/wp-json\/wp\/v2\/pages\/140\/revisions"}],"up":[{"embeddable":true,"href":"https:\/\/iam.gov.mz\/index.php\/wp-json\/wp\/v2\/pages\/142"}],"wp:attachment":[{"href":"https:\/\/iam.gov.mz\/index.php\/wp-json\/wp\/v2\/media?parent=140"}],"curies":[{"name":"wp","href":"https:\/\/api.w.org\/{rel}","templated":true}]}}