{"id":1444,"date":"2022-12-19T07:18:33","date_gmt":"2022-12-19T07:18:33","guid":{"rendered":"http:\/\/iam.gov.mz\/?page_id=1444"},"modified":"2026-02-13T12:45:03","modified_gmt":"2026-02-13T12:45:03","slug":"requisitos-para-exportacao-da-castanha-de-caju","status":"publish","type":"page","link":"https:\/\/iam.gov.mz\/index.php\/requisitos-para-exportacao-da-castanha-de-caju\/","title":{"rendered":"Req. Exporta\u00e7\u00e3o da Castanha de Caju"},"content":{"rendered":"\n<ol class=\"wp-block-list\" type=\"1\">\n<li>Ser empresa individual ou associado devidamente licenciado nos termos da lei;<\/li>\n\n\n\n<li>No Alvar\u00e1\/Licen\u00e7a deve possuir a classe que confere o direito para comercializar (produtos agr\u00edcolas\/agr\u00e1rios);<\/li>\n\n\n\n<li>Registar-se como actor do caju ( Prazo at\u00e9 15 de Setembro de cada ano junto ao IAM, IP ou servi\u00e7os que superintendem a \u00e1rea da Agricultura);<\/li>\n\n\n\n<li>Possuir Certificado de Registo emitida pelo IAM, IP ou Delega\u00e7\u00e3o Provincial<\/li>\n\n\n\n<li>Ensacar a castanha de caju em sacos de juta de 80kg e organizar em lotes;<\/li>\n\n\n\n<li>Emitir uma carta dirigida ao Director do Geral ou a Delega\u00e7\u00e3o Provincial a manifestar o interesse de exporta\u00e7\u00e3o da castanha de caju;<\/li>\n\n\n\n<li>Possuir Credencial emitida pelo IAM, IP ou Delega\u00e7\u00e3o Provincial;<\/li>\n\n\n\n<li>Possuir Certificado de Qualidade emitida por uma entidade que superintende a \u00e1rea de certifica\u00e7\u00e3o de qualidade;<\/li>\n<\/ol>\n\n\n\n<p>Os procedimentos para o certificado de qualidade s\u00e3o:<\/p>\n\n\n\n<p>8.1. Credencial emitida pelo IAM,IP e\/ou Delega\u00e7\u00f5es Provinciais e;<\/p>\n\n\n\n<p>8.2. Colecta de amostra da castanha de caju por uma equipe multissectorial constitu\u00edda pelo IAM, IP e a entidade que superintende a \u00e1rea de certifica\u00e7\u00e3o de qualidade;<\/p>\n\n\n\n<ul class=\"wp-block-list\">\n<li>Possuir Certificado Fitossanitario emitida pela DNDAF &#8211; Direc\u00e7\u00e3o Nacional de Desenvolvimento e Agricultura Familiar;<\/li>\n\n\n\n<li>&nbsp;&nbsp;Possuir Certificado de Origem emitida pela CCM \u2013 C\u00e2mara do Com\u00e9rcio de Mo\u00e7ambique;<\/li>\n\n\n\n<li>Comunicar ao IAM,IP e Alf\u00e2ndegas com anteced\u00eancia a data para o empacotamento da castanha de caju e a respectiva selagem;<\/li>\n\n\n\n<li>Pagar a taxa de sobrevaloriza\u00e7\u00e3o antes da data do embarque (a taxa \u00e9 fixada ou ajustada e publicada at\u00e9 15 de Setembro de cada ano);<\/li>\n\n\n\n<li>O pre\u00e7o para a exporta\u00e7\u00e3o da castanha de caju e fixado pelo IAM, IP em coordena\u00e7\u00e3o com a Direc\u00e7\u00e3o Geral das Alf\u00e2ndegas;<\/li>\n\n\n\n<li>&nbsp;Prazo de 15 dias ap\u00f3s a conclus\u00e3o do processo, submeter ao IAM, IP copias da factura, Documento \u00danico,&nbsp; Recibo de Pagamento e Aviso de sa\u00edda devidamente carimbado pelas autoridade que superintende a \u00e1rea.<\/li>\n<\/ul>\n\n\n\n<p>NB: <strong>A castanha a ser exportada deve conter um rendimento (<em>Outturn<\/em>) m\u00ednimo de 44 libras-peso.<\/strong><\/p>\n\n\n\n<p><strong>DISPOSITIVOS LEGAIS<\/strong><\/p>\n\n\n\n<ol class=\"wp-block-list\" type=\"a\">\n<li><strong>Lei n. 13\/99 de 01 de Novembro \u2013 <\/strong>Lei do Caju;<\/li>\n\n\n\n<li><strong>Decreto 78\/2018 de 06 de Dezembro<\/strong> \u2013 Regulamento para o Fomento, Produ\u00e7\u00e3o, Comercializa\u00e7\u00e3o, Processamento e Exporta\u00e7\u00e3o do Caju.<\/li>\n\n\n\n<li><strong>Diploma Ministerial n. 36\/2021 de 28 de Maio <\/strong>\u2013 Taxas de Presta\u00e7\u00e3o de Servi\u00e7os pelo IAM, no dom\u00ednio do caju.<\/li>\n<\/ol>\n\n\n\n<p><\/p>\n","protected":false},"excerpt":{"rendered":"<p>Os procedimentos para o certificado de qualidade s\u00e3o: 8.1. Credencial emitida pelo IAM,IP e\/ou Delega\u00e7\u00f5es Provinciais e; 8.2. Colecta de amostra da castanha de caju por uma equipe multissectorial constitu\u00edda pelo IAM, IP e a entidade que superintende a \u00e1rea de certifica\u00e7\u00e3o de qualidade; NB: A castanha a ser exportada deve conter um rendimento (Outturn) m\u00ednimo de 44 libras-peso. DISPOSITIVOS LEGAIS<\/p>\n","protected":false},"author":1,"featured_media":0,"parent":0,"menu_order":0,"comment_status":"closed","ping_status":"closed","template":"","meta":{"_price":"","_stock":"","_tribe_ticket_header":"","_tribe_default_ticket_provider":"","_tribe_ticket_capacity":"0","_ticket_start_date":"","_ticket_end_date":"","_tribe_ticket_show_description":"","_tribe_ticket_show_not_going":false,"_tribe_ticket_use_global_stock":"","_tribe_ticket_global_stock_level":"","_global_stock_mode":"","_global_stock_cap":"","_tribe_rsvp_for_event":"","_tribe_ticket_going_count":"","_tribe_ticket_not_going_count":"","_tribe_tickets_list":"[]","_tribe_ticket_has_attendee_info_fields":false,"footnotes":"","_tec_slr_enabled":"","_tec_slr_layout":""},"class_list":["post-1444","page","type-page","status-publish","hentry"],"ticketed":false,"_links":{"self":[{"href":"https:\/\/iam.gov.mz\/index.php\/wp-json\/wp\/v2\/pages\/1444","targetHints":{"allow":["GET"]}}],"collection":[{"href":"https:\/\/iam.gov.mz\/index.php\/wp-json\/wp\/v2\/pages"}],"about":[{"href":"https:\/\/iam.gov.mz\/index.php\/wp-json\/wp\/v2\/types\/page"}],"author":[{"embeddable":true,"href":"https:\/\/iam.gov.mz\/index.php\/wp-json\/wp\/v2\/users\/1"}],"replies":[{"embeddable":true,"href":"https:\/\/iam.gov.mz\/index.php\/wp-json\/wp\/v2\/comments?post=1444"}],"version-history":[{"count":1,"href":"https:\/\/iam.gov.mz\/index.php\/wp-json\/wp\/v2\/pages\/1444\/revisions"}],"predecessor-version":[{"id":2370,"href":"https:\/\/iam.gov.mz\/index.php\/wp-json\/wp\/v2\/pages\/1444\/revisions\/2370"}],"wp:attachment":[{"href":"https:\/\/iam.gov.mz\/index.php\/wp-json\/wp\/v2\/media?parent=1444"}],"curies":[{"name":"wp","href":"https:\/\/api.w.org\/{rel}","templated":true}]}}